{"id":357,"date":"2024-12-03T15:43:56","date_gmt":"2024-12-03T15:43:56","guid":{"rendered":"https:\/\/patiokobenta.cbtpruebas.es\/?page_id=357"},"modified":"2025-03-28T13:20:20","modified_gmt":"2025-03-28T13:20:20","slug":"politica-de-cookies","status":"publish","type":"page","link":"https:\/\/patiokobenta.eus\/es\/politica-de-cookies\/","title":{"rendered":"Pol\u00edtica de Cookies"},"content":{"rendered":"\n<h2 class=\"wp-block-heading\">Pol\u00edtica de Cookies<\/h2>\n\n\n\n<p><\/p>\n\n\n\n<p>En cumplimiento de la Ley 34\/2002, de 11 de julio, de Servicios de la Sociedad de la Informaci\u00f3n y Comercio Electr\u00f3nico le informamos de que este sitio web, al igual que la mayor\u00eda de los sitios en Internet, usa Cookies para mejorar y optimizar la experiencia del usuario. A continuaci\u00f3n encontrar\u00e1 informaci\u00f3n detallada sobre qu\u00e9 son las \u201cCookies\u201d, qu\u00e9 tipolog\u00eda utiliza este sitio web, c\u00f3mo cambiar la configuraci\u00f3n de sus cookies, y qu\u00e9 ocurre si deshabilita las Cookies.<\/p>\n\n\n\n<p><strong>\u00bfQu\u00e9 son las cookies?<\/strong><\/p>\n\n\n\n<p>Una cookie es un peque\u00f1o archivo que se descarga en el equipo del usuario con la finalidad de almacenar datos, los cuales podr\u00e1n ser actualizados y recuperados por la entidad responsable de su instalaci\u00f3n.<\/p>\n\n\n\n<p><strong>\u00bfQu\u00e9 tipo de Cookies utiliza esta p\u00e1gina web?<\/strong><\/p>\n\n\n\n<p><strong>Cookies Necesarias (o esenciales)<\/strong><\/p>\n\n\n\n<p>Son aquellas que permiten el funcionamiento b\u00e1sico de un sitio web, como la gesti\u00f3n de sesiones, la autenticaci\u00f3n de usuarios y la seguridad. Sin ellas, la p\u00e1gina no podr\u00eda funcionar correctamente.&nbsp;<strong>Normativa de la Uni\u00f3n Europea:<\/strong>&nbsp;Seg\u00fan el&nbsp;<a href=\"https:\/\/eur-lex.europa.eu\/eli\/reg\/2016\/679\/oj\">Reglamento (UE) 2016\/679 (GDPR)<\/a>&nbsp;y la&nbsp;<a href=\"https:\/\/eur-lex.europa.eu\/legal-content\/ES\/TXT\/HTML\/?uri=CELEX:32002L0058\">Directiva 2002\/58\/CE (ePrivacy)<\/a>, estas cookies&nbsp;<strong>no requieren el consentimiento del usuario<\/strong>, ya que son estrictamente necesarias para el servicio solicitado por el usuario.<\/p>\n\n\n\n<p><strong>Cookies Funcionales\/T\u00e9cnicas (o de personalizaci\u00f3n)<\/strong><\/p>\n\n\n\n<p>Permiten al usuario la navegaci\u00f3n a trav\u00e9s de la p\u00e1gina web, as\u00ed como la utilizaci\u00f3n de las diferentes opciones o servicios existentes (identificar la sesi\u00f3n, acceder secciones restringidas, compartir contenidos a trav\u00e9s de redes sociales, \u2026). Permiten recordar preferencias del usuario, como el idioma, la regi\u00f3n o configuraciones espec\u00edficas del sitio. No son estrictamente necesarias, pero mejoran la experiencia del usuario.<\/p>\n\n\n\n<p><strong>Cookies de An\u00e1lisis (o rendimiento)<\/strong><\/p>\n\n\n\n<p>Posibilitan el seguimiento y an\u00e1lisis del comportamiento de los usuarios en nuestra p\u00e1gina. La informaci\u00f3n recogida se utiliza para la medici\u00f3n de la actividad de los usuarios en la web y la elaboraci\u00f3n de perfiles de navegaci\u00f3n de los usuarios, con la finalidad de mejorar la web, as\u00ed como los productos y servicios ofertados. Recogen informaci\u00f3n sobre c\u00f3mo los usuarios interact\u00faan con el sitio web, ayudando a mejorar su funcionamiento.<\/p>\n\n\n\n<p><strong>Cookies Publicitarias (o marketing)<\/strong><\/p>\n\n\n\n<p>Se utilizan para rastrear la actividad del usuario en distintos sitios web y crear perfiles de usuario con fines de publicidad personalizada.<\/p>\n\n\n\n<p><strong>Listado de Cookies<\/strong><\/p>\n\n\n\n<figure class=\"wp-block-table\"><table class=\"has-fixed-layout\"><tbody><tr><td>N<strong>ombre<\/strong><\/td><td><strong>Duraci\u00f3n<\/strong><\/td><td><strong>Descripci\u00f3n<\/strong><\/td><td><strong>Proveedor<\/strong><\/td><td><strong>Tipolog\u00eda<\/strong><\/td><\/tr><tr><td>PHPSESSID<\/td><td>Sesi\u00f3n<\/td><td>Se utiliza para almacenar el identificador de sesi\u00f3n de un usuario en sitios web que usan PHP, permitiendo mantener el estado entre las p\u00e1ginas durante una sesi\u00f3n.<\/td><td>Patioko Benta<\/td><td>Funcionales\/T\u00e9cnicas, Necesarias<\/td><\/tr><tr><td>_ga<\/td><td>1 a\u00f1o o hasta que el usuario la elimine (Persistente)<\/td><td>Se usa para distinguir usuarios en Google Analytics.<\/td><td>Google (Google Analytics)<\/td><td>Publicitarias<\/td><\/tr><tr><td>_ga_7FH630TQ6L<\/td><td>1 a\u00f1o o hasta que el usuario la elimine (Persistente)<\/td><td>Variante de <strong>_ga<\/strong> utilizada por Google Analytics para distinguir usuarios en un sitio web.<\/td><td>Google (Google Analytics)<\/td><td>Publicitarias<\/td><\/tr><tr><td>_ga_8WSDKEJX0Y<\/td><td>1 a\u00f1o o hasta que el usuario la elimine (Persistente)<\/td><td>Variante de <strong>_ga<\/strong>, usada por Google Analytics para identificar y distinguir a los usuarios en un sitio web.<\/td><td>Google (Google Analytics)<\/td><td>Publicitarias<\/td><\/tr><tr><td>cmplz_banner-status<\/td><td>1 a\u00f1o o hasta que el usuario la elimine (Persistente)<\/td><td>Se usa para recordar si el banner de cookies se ha mostrado o no, de forma que no se vuelva a mostrar en la misma sesi\u00f3n.<\/td><td>Complianz<\/td><td>Necesaria<\/td><\/tr><tr><td>cmplz_functional<\/td><td>1 a\u00f1o o hasta que el usuario la elimine (Persistente)<\/td><td>Asegurar el funcionamiento adecuado de las funcionalidades del sitio web.<\/td><td>Complianz<\/td><td>Funcional\/T\u00e9cnica<\/td><\/tr><tr><td>cmplz_policy_id<\/td><td>1 a\u00f1o o hasta que el usuario la elimine (Persistente)<\/td><td>Almacenar el identificador de la pol\u00edtica de cookies que el usuario ha aceptado.<\/td><td>Complianz<\/td><td>Necesaria<\/td><\/tr><tr><td>cmplz_preferences<\/td><td>1 a\u00f1o o hasta que el usuario la elimine (Persistente)<\/td><td>Utilizada para recordar las preferencias del usuario en cuanto a la configuraci\u00f3n de cookies.<\/td><td>Complianz<\/td><td>Necesaria<\/td><\/tr><tr><td>cmplz_statistics<\/td><td>1 a\u00f1o o hasta que el usuario la elimine (Persistente)<\/td><td>Realizar un seguimiento del comportamiento de los usuarios en el sitio web con fines estad\u00edsticos mediante el uso de cookies de an\u00e1lisis.<\/td><td>Complianz<\/td><td>An\u00e1lisis<\/td><\/tr><tr><td>wp-wpml_current_language<\/td><td>1 a\u00f1o o hasta que el usuario la elimine (Persistente)<\/td><td>Guarda el idioma actual del usuario en el sitio web.<\/td><td>WPML<\/td><td>Funcional\/T\u00e9cnica<\/td><\/tr><\/tbody><\/table><\/figure>\n\n\n\n\n<p><\/p>\n\n\n\n<p><strong>\u00bfC\u00f3mo puede configurar sus Cookies?<\/strong><\/p>\n\n\n\n<p>Al navegar y continuar en nuestro sitio web estar\u00e1 consintiendo el uso de las Cookies en las condiciones contenidas en la presente Pol\u00edtica de Cookies. Usted como usuario tiene la posibilidad de ejercer su derecho a bloquear, eliminar y rechazar el uso de Cookies, en todo momento.<\/p>\n\n\n\n<p>Para gestionar las cookies en Patioko Benta, el usuario dispondr\u00e1 de un banner en la parte inferior derecha del sitio web. Desde ah\u00ed, podr\u00e1 modificar su decisi\u00f3n o rechazar el uso de cookies en cualquier momento. Tambi\u00e9n es posible eliminarlas directamente desde la configuraci\u00f3n del navegador.<\/p>\n\n\n\n<p>Los principales navegadores ofrecen opciones para bloquear o eliminar cookies, aunque el procedimiento var\u00eda seg\u00fan el navegador. Recomendamos consultar las instrucciones oficiales del fabricante. A continuaci\u00f3n, se incluyen enlaces a las gu\u00edas de los navegadores m\u00e1s utilizados:<\/p>\n\n\n\n<p>Instrucciones para&nbsp;<a href=\"http:\/\/support.microsoft.com\/kb\/196955\">Microsoft Internet Explorer<\/a><\/p>\n\n\n\n<p>Instrucciones para&nbsp;<a href=\"http:\/\/support.mozilla.org\/es\/kb\/cookies-informacion-que-los-sitios-web-guardan-en-?redirectlocale=es-ES&amp;redirectslug=Cookies\">Mozilla Firefox<\/a><\/p>\n\n\n\n<p>Instrucciones para&nbsp;<a href=\"https:\/\/support.google.com\/chrome\/answer\/95647?hl=es\">Google Chrome<\/a><\/p>\n\n\n\n<p>Instrucciones para&nbsp;<a href=\"http:\/\/support.apple.com\/kb\/PH5042\">Apple Safari<\/a><\/p>\n\n\n\n<p>Instrucciones para&nbsp;<a href=\"https:\/\/www.opera.com\/es\/help\">Opera<\/a><\/p>\n\n\n\n<p>Si usa otro navegador distinto a los anteriores, consulte su pol\u00edtica de instalaci\u00f3n, uso y bloqueo de cookies.<\/p>\n\n\n\n<p>Si no desea ser rastreado por las cookies de Google Analytics puede instalar en su navegador el complemento que la propia empresa Google ha desarrollado con tal finalidad.<\/p>\n\n\n\n<p><strong>\u00bfQu\u00e9 ocurre si se deshabilitan las Cookies?<\/strong><\/p>\n\n\n\n<p>Algunas funcionalidades de los Servicios y \u00e1reas de este sitio web podr\u00edan no funcionar correctamente si se deshabilitan las cookies.<\/p>\n\n\n\n<p><strong>\u00bfActualizamos nuestra Pol\u00edtica de Cookies?<\/strong><\/p>\n\n\n\n<p>Es posible que actualicemos la Pol\u00edtica de Cookies de nuestra p\u00e1gina web, por ello le recomendamos revisar esta pol\u00edtica cada vez que acceda a nuestro sitio web con el objetivo de estar adecuadamente informado sobre c\u00f3mo y para qu\u00e9 usamos las cookies.<\/p>\n","protected":false},"excerpt":{"rendered":"<p>Pol\u00edtica de Cookies En cumplimiento de la Ley 34\/2002, de 11 de julio, de Servicios de la Sociedad de la Informaci\u00f3n y Comercio Electr\u00f3nico le informamos de que este sitio web, al igual que la mayor\u00eda de los sitios en Internet, usa Cookies para mejorar y optimizar la experiencia del usuario. A continuaci\u00f3n encontrar\u00e1 informaci\u00f3n [&hellip;]<\/p>\n","protected":false},"author":1,"featured_media":0,"parent":0,"menu_order":0,"comment_status":"closed","ping_status":"closed","template":"","meta":{"_acf_changed":false,"footnotes":""},"class_list":["post-357","page","type-page","status-publish","hentry"],"acf":[],"yoast_head":"<!-- This site is optimized with the Yoast SEO plugin v23.9 - https:\/\/yoast.com\/wordpress\/plugins\/seo\/ -->\n<title>Pol\u00edtica de Cookies - Patioko Benta<\/title>\n<meta name=\"robots\" content=\"index, follow, max-snippet:-1, max-image-preview:large, max-video-preview:-1\" \/>\n<link rel=\"canonical\" href=\"https:\/\/patiokobenta.eus\/es\/politica-de-cookies\/\" \/>\n<meta property=\"og:locale\" content=\"es_ES\" \/>\n<meta property=\"og:type\" content=\"article\" \/>\n<meta property=\"og:title\" content=\"Pol\u00edtica de Cookies - Patioko Benta\" \/>\n<meta property=\"og:description\" content=\"Pol\u00edtica de Cookies En cumplimiento de la Ley 34\/2002, de 11 de julio, de Servicios de la Sociedad de la Informaci\u00f3n y Comercio Electr\u00f3nico le informamos de que este sitio web, al igual que la mayor\u00eda de los sitios en Internet, usa Cookies para mejorar y optimizar la experiencia del usuario. A continuaci\u00f3n encontrar\u00e1 informaci\u00f3n [&hellip;]\" \/>\n<meta property=\"og:url\" content=\"https:\/\/patiokobenta.eus\/es\/politica-de-cookies\/\" \/>\n<meta property=\"og:site_name\" content=\"Patioko Benta\" \/>\n<meta property=\"article:modified_time\" content=\"2025-03-28T13:20:20+00:00\" \/>\n<meta name=\"twitter:card\" content=\"summary_large_image\" \/>\n<meta name=\"twitter:label1\" content=\"Tiempo de lectura\" \/>\n\t<meta name=\"twitter:data1\" content=\"5 minutos\" \/>\n<script type=\"application\/ld+json\" class=\"yoast-schema-graph\">{\"@context\":\"https:\/\/schema.org\",\"@graph\":[{\"@type\":\"WebPage\",\"@id\":\"https:\/\/patiokobenta.eus\/es\/politica-de-cookies\/\",\"url\":\"https:\/\/patiokobenta.eus\/es\/politica-de-cookies\/\",\"name\":\"Pol\u00edtica de Cookies - Patioko Benta\",\"isPartOf\":{\"@id\":\"https:\/\/patiokobenta.eus\/es\/#website\"},\"datePublished\":\"2024-12-03T15:43:56+00:00\",\"dateModified\":\"2025-03-28T13:20:20+00:00\",\"breadcrumb\":{\"@id\":\"https:\/\/patiokobenta.eus\/es\/politica-de-cookies\/#breadcrumb\"},\"inLanguage\":\"es\",\"potentialAction\":[{\"@type\":\"ReadAction\",\"target\":[\"https:\/\/patiokobenta.eus\/es\/politica-de-cookies\/\"]}]},{\"@type\":\"BreadcrumbList\",\"@id\":\"https:\/\/patiokobenta.eus\/es\/politica-de-cookies\/#breadcrumb\",\"itemListElement\":[{\"@type\":\"ListItem\",\"position\":1,\"name\":\"Portada\",\"item\":\"https:\/\/patiokobenta.eus\/es\/\"},{\"@type\":\"ListItem\",\"position\":2,\"name\":\"Pol\u00edtica de Cookies\"}]},{\"@type\":\"WebSite\",\"@id\":\"https:\/\/patiokobenta.eus\/es\/#website\",\"url\":\"https:\/\/patiokobenta.eus\/es\/\",\"name\":\"Patioko Benta\",\"description\":\"Sitio de Patioko Benta\",\"potentialAction\":[{\"@type\":\"SearchAction\",\"target\":{\"@type\":\"EntryPoint\",\"urlTemplate\":\"https:\/\/patiokobenta.eus\/es\/?s={search_term_string}\"},\"query-input\":{\"@type\":\"PropertyValueSpecification\",\"valueRequired\":true,\"valueName\":\"search_term_string\"}}],\"inLanguage\":\"es\"}]}<\/script>\n<!-- \/ Yoast SEO plugin. -->","yoast_head_json":{"title":"Pol\u00edtica de Cookies - Patioko Benta","robots":{"index":"index","follow":"follow","max-snippet":"max-snippet:-1","max-image-preview":"max-image-preview:large","max-video-preview":"max-video-preview:-1"},"canonical":"https:\/\/patiokobenta.eus\/es\/politica-de-cookies\/","og_locale":"es_ES","og_type":"article","og_title":"Pol\u00edtica de Cookies - Patioko Benta","og_description":"Pol\u00edtica de Cookies En cumplimiento de la Ley 34\/2002, de 11 de julio, de Servicios de la Sociedad de la Informaci\u00f3n y Comercio Electr\u00f3nico le informamos de que este sitio web, al igual que la mayor\u00eda de los sitios en Internet, usa Cookies para mejorar y optimizar la experiencia del usuario. A continuaci\u00f3n encontrar\u00e1 informaci\u00f3n [&hellip;]","og_url":"https:\/\/patiokobenta.eus\/es\/politica-de-cookies\/","og_site_name":"Patioko Benta","article_modified_time":"2025-03-28T13:20:20+00:00","twitter_card":"summary_large_image","twitter_misc":{"Tiempo de lectura":"5 minutos"},"schema":{"@context":"https:\/\/schema.org","@graph":[{"@type":"WebPage","@id":"https:\/\/patiokobenta.eus\/es\/politica-de-cookies\/","url":"https:\/\/patiokobenta.eus\/es\/politica-de-cookies\/","name":"Pol\u00edtica de Cookies - Patioko Benta","isPartOf":{"@id":"https:\/\/patiokobenta.eus\/es\/#website"},"datePublished":"2024-12-03T15:43:56+00:00","dateModified":"2025-03-28T13:20:20+00:00","breadcrumb":{"@id":"https:\/\/patiokobenta.eus\/es\/politica-de-cookies\/#breadcrumb"},"inLanguage":"es","potentialAction":[{"@type":"ReadAction","target":["https:\/\/patiokobenta.eus\/es\/politica-de-cookies\/"]}]},{"@type":"BreadcrumbList","@id":"https:\/\/patiokobenta.eus\/es\/politica-de-cookies\/#breadcrumb","itemListElement":[{"@type":"ListItem","position":1,"name":"Portada","item":"https:\/\/patiokobenta.eus\/es\/"},{"@type":"ListItem","position":2,"name":"Pol\u00edtica de Cookies"}]},{"@type":"WebSite","@id":"https:\/\/patiokobenta.eus\/es\/#website","url":"https:\/\/patiokobenta.eus\/es\/","name":"Patioko Benta","description":"Sitio de Patioko Benta","potentialAction":[{"@type":"SearchAction","target":{"@type":"EntryPoint","urlTemplate":"https:\/\/patiokobenta.eus\/es\/?s={search_term_string}"},"query-input":{"@type":"PropertyValueSpecification","valueRequired":true,"valueName":"search_term_string"}}],"inLanguage":"es"}]}},"_links":{"self":[{"href":"https:\/\/patiokobenta.eus\/es\/wp-json\/wp\/v2\/pages\/357","targetHints":{"allow":["GET"]}}],"collection":[{"href":"https:\/\/patiokobenta.eus\/es\/wp-json\/wp\/v2\/pages"}],"about":[{"href":"https:\/\/patiokobenta.eus\/es\/wp-json\/wp\/v2\/types\/page"}],"author":[{"embeddable":true,"href":"https:\/\/patiokobenta.eus\/es\/wp-json\/wp\/v2\/users\/1"}],"replies":[{"embeddable":true,"href":"https:\/\/patiokobenta.eus\/es\/wp-json\/wp\/v2\/comments?post=357"}],"version-history":[{"count":19,"href":"https:\/\/patiokobenta.eus\/es\/wp-json\/wp\/v2\/pages\/357\/revisions"}],"predecessor-version":[{"id":938,"href":"https:\/\/patiokobenta.eus\/es\/wp-json\/wp\/v2\/pages\/357\/revisions\/938"}],"wp:attachment":[{"href":"https:\/\/patiokobenta.eus\/es\/wp-json\/wp\/v2\/media?parent=357"}],"curies":[{"name":"wp","href":"https:\/\/api.w.org\/{rel}","templated":true}]}}